{"id":581,"date":"2025-07-02T16:58:56","date_gmt":"2025-07-02T08:58:56","guid":{"rendered":"https:\/\/www.effier.sg\/contact-us\/"},"modified":"2025-07-03T09:55:11","modified_gmt":"2025-07-03T01:55:11","slug":"contacto","status":"publish","type":"page","link":"https:\/\/www.effier.sg\/es\/contacto\/","title":{"rendered":"Contacte con nosotros"},"content":{"rendered":"<div data-elementor-type=\"wp-page\" data-elementor-id=\"581\" class=\"elementor elementor-581\" data-elementor-post-type=\"page\">\n\t\t\t\t<div class=\"elementor-element elementor-element-29c7b35a e-con-full e-flex e-con e-parent\" data-id=\"29c7b35a\" data-element_type=\"container\">\n\t\t\t\t<div class=\"elementor-element elementor-element-79ad989e elementor-widget__width-inherit elementor-widget elementor-widget-flex-hero\" data-id=\"79ad989e\" data-element_type=\"widget\" data-settings=\"{&quot;image_shape&quot;:&quot;custom&quot;,&quot;layout_preset&quot;:&quot;showcase&quot;,&quot;layout_column_structure&quot;:&quot;50-50&quot;,&quot;layout_image_position&quot;:&quot;end&quot;,&quot;box_shape&quot;:&quot;sharp&quot;}\" data-widget_type=\"flex-hero.default\">\n\t\t\t\t<div class=\"elementor-widget-container\">\n\t\t\t\t\t\t\t<div class=\"has-shape-sharp shape-type-box has-column-structure-50-50  ehp-flex-hero has-layout-preset-showcase has-image-position-end\">\n\t\t\t\t\t\t<div class=\"ehp-flex-hero__overlay\"><\/div>\n\t\t\t<div class=\"ehp-flex-hero__content-container\">\n\t\t\t\t<h2 class=\"ehp-flex-hero__heading\"><h2 class=\"elementor-heading-title elementor-size-default\" style=\"font-family: Marcellus, sans-serif;line-height: 80px;font-size: 80px;text-align: center\">Creemos juntos algo extraordinario<\/h2><\/h2>\t\t\t<div class=\"ehp-flex-hero__ctas-container\">\n\t\t\t\t\t\t<a class=\"ehp-button ehp-button--primary ehp-flex-hero__button ehp-flex-hero__button--primary is-type-link\" href=\"#\" target=\"_blank\">\n\t\t\t<svg aria-hidden=\"true\" class=\"ehp-button__icon e-font-icon-svg e-fas-map-marker-alt\" 0=\"ehp-flex-hero__button-icon\" viewbox=\"0 0 384 512\" xmlns=\"http:\/\/www.w3.org\/2000\/svg\"><path d=\"M172.268 501.67C26.97 291.031 0 269.413 0 192 0 85.961 85.961 0 192 0s192 85.961 192 192c0 77.413-26.97 99.031-172.268 309.67-9.535 13.774-29.93 13.773-39.464 0zM192 272c44.183 0 80-35.817 80-80s-35.817-80-80-80-80 35.817-80 80 35.817 80 80 80z\"><\/path><\/svg>\t\t<span class=\"ehp-button__text ehp-flex-hero__button-text ehp-flex-hero__button-text--primary\">\n\t\t\tVis\u00edtenos\t\t\t\t<\/a>\n\t\t\t\t\t\t\t\t<a class=\"ehp-button ehp-button--secondary ehp-flex-hero__button ehp-flex-hero__button--secondary is-type-link\" href=\"#\" target=\"_blank\">\n\t\t\t<svg aria-hidden=\"true\" class=\"ehp-button__icon e-font-icon-svg e-fas-mobile-alt\" 0=\"ehp-flex-hero__button-icon\" viewbox=\"0 0 320 512\" xmlns=\"http:\/\/www.w3.org\/2000\/svg\"><path d=\"M272 0H48C21.5 0 0 21.5 0 48v416c0 26.5 21.5 48 48 48h224c26.5 0 48-21.5 48-48V48c0-26.5-21.5-48-48-48zM160 480c-17.7 0-32-14.3-32-32s14.3-32 32-32 32 14.3 32 32-14.3 32-32 32zm112-108c0 6.6-5.4 12-12 12H60c-6.6 0-12-5.4-12-12V60c0-6.6 5.4-12 12-12h200c6.6 0 12 5.4 12 12v312z\"><\/path><\/svg>\t\t<span class=\"ehp-button__text ehp-flex-hero__button-text ehp-flex-hero__button-text--secondary\">\n\t\t\tContacte con nosotros\t\t\t\t<\/a>\n\t\t\t\t\t<\/div>\n\t\t\t\t\t<\/div>\n\t\t\t\t<div class=\"ehp-flex-hero__image-wrapper\">\n\t\t\t\t\t<div class=\"ehp-image ehp-flex-hero__image-container\">\n\t\t\t\t<img decoding=\"async\" class=\"ehp-image__img ehp-flex-hero__img has-shape-custom shape-type-image\" src=\"https:\/\/www.effier.sg\/wp-content\/uploads\/2025\/07\/hand-holding-pink-beauty-blender-with-foundation-scaled.jpg\" title=\"hand-holding-pink-beauty-blender-with-foundation\" alt=\"hand-holding-pink-beauty-blender-with-foundation\" loading=\"lazy\" \/>\t\t\t<\/div>\n\t\t\t\t\t<\/div>\n\t\t\t\t<\/div>\n\t\t\t\t\t\t<\/div>\n\t\t\t\t<\/div>\n\t\t\t\t<\/div>\n\t\t<div class=\"elementor-element elementor-element-e836d9c e-con-full e-flex e-con e-parent\" data-id=\"e836d9c\" data-element_type=\"container\">\n\t\t<div class=\"elementor-element elementor-element-5730c06e e-con-full e-flex e-con e-child\" data-id=\"5730c06e\" data-element_type=\"container\">\n\t\t<div class=\"elementor-element elementor-element-7c39adf1 e-con-full e-flex e-con e-child\" data-id=\"7c39adf1\" data-element_type=\"container\">\n\t\t<div class=\"elementor-element elementor-element-e6667e e-con-full e-flex e-con e-child\" data-id=\"e6667e\" data-element_type=\"container\">\n\t\t\t\t<div class=\"elementor-element elementor-element-1524d4db elementor-widget__width-initial elementor-view-default elementor-position-top elementor-mobile-position-top elementor-widget elementor-widget-icon-box\" data-id=\"1524d4db\" data-element_type=\"widget\" data-widget_type=\"icon-box.default\">\n\t\t\t\t\t\t\t<div class=\"elementor-icon-box-wrapper\">\n\n\t\t\t\t\t\t<div class=\"elementor-icon-box-icon\">\n\t\t\t\t<span  class=\"elementor-icon\">\n\t\t\t\t<svg aria-hidden=\"true\" class=\"e-font-icon-svg e-fas-map-marker-alt\" viewbox=\"0 0 384 512\" xmlns=\"http:\/\/www.w3.org\/2000\/svg\"><path d=\"M172.268 501.67C26.97 291.031 0 269.413 0 192 0 85.961 85.961 0 192 0s192 85.961 192 192c0 77.413-26.97 99.031-172.268 309.67-9.535 13.774-29.93 13.773-39.464 0zM192 272c44.183 0 80-35.817 80-80s-35.817-80-80-80-80 35.817-80 80 35.817 80 80 80z\"><\/path><\/svg>\t\t\t\t<\/span>\n\t\t\t<\/div>\n\t\t\t\n\t\t\t\t\t\t<div class=\"elementor-icon-box-content\">\n\n\t\t\t\t\t\t\t\t\t<h3 class=\"elementor-icon-box-title\">\n\t\t\t\t\t\t<span  >\n\t\t\t\t\t\t\tVis\u00edtenos\t\t\t\t\t\t<\/span>\n\t\t\t\t\t<\/h3>\n\t\t\t\t\n\t\t\t\t\t\t\t\t\t<p class=\"elementor-icon-box-description\">\n\t\t\t\t\t\t449 Tagore Industrial Ave,\n#04-04, <br> Singapur 787820\t\t\t\t\t<\/p>\n\t\t\t\t\n\t\t\t<\/div>\n\t\t\t\n\t\t<\/div>\n\t\t\t\t\t\t<\/div>\n\t\t\t\t<div class=\"elementor-element elementor-element-57650d68 elementor-widget__width-initial elementor-view-default elementor-position-top elementor-mobile-position-top elementor-widget elementor-widget-icon-box\" data-id=\"57650d68\" data-element_type=\"widget\" data-widget_type=\"icon-box.default\">\n\t\t\t\t\t\t\t<div class=\"elementor-icon-box-wrapper\">\n\n\t\t\t\t\t\t<div class=\"elementor-icon-box-icon\">\n\t\t\t\t<span  class=\"elementor-icon\">\n\t\t\t\t<svg aria-hidden=\"true\" class=\"e-font-icon-svg e-fas-mobile-alt\" viewbox=\"0 0 320 512\" xmlns=\"http:\/\/www.w3.org\/2000\/svg\"><path d=\"M272 0H48C21.5 0 0 21.5 0 48v416c0 26.5 21.5 48 48 48h224c26.5 0 48-21.5 48-48V48c0-26.5-21.5-48-48-48zM160 480c-17.7 0-32-14.3-32-32s14.3-32 32-32 32 14.3 32 32-14.3 32-32 32zm112-108c0 6.6-5.4 12-12 12H60c-6.6 0-12-5.4-12-12V60c0-6.6 5.4-12 12-12h200c6.6 0 12 5.4 12 12v312z\"><\/path><\/svg>\t\t\t\t<\/span>\n\t\t\t<\/div>\n\t\t\t\n\t\t\t\t\t\t<div class=\"elementor-icon-box-content\">\n\n\t\t\t\t\t\t\t\t\t<h3 class=\"elementor-icon-box-title\">\n\t\t\t\t\t\t<span  >\n\t\t\t\t\t\t\tP\u00f3ngase en contacto con nosotros\t\t\t\t\t\t<\/span>\n\t\t\t\t\t<\/h3>\n\t\t\t\t\n\t\t\t\t\t\t\t\t\t<p class=\"elementor-icon-box-description\">\n\t\t\t\t\t\thello@effier.sg\t\t\t\t\t<\/p>\n\t\t\t\t\n\t\t\t<\/div>\n\t\t\t\n\t\t<\/div>\n\t\t\t\t\t\t<\/div>\n\t\t\t\t<\/div>\n\t\t\t\t<\/div>\n\t\t\t\t<\/div>\n\t\t\t\t<\/div>\n\t\t<div class=\"elementor-element elementor-element-eaa2b5e e-flex e-con-boxed e-con e-parent\" data-id=\"eaa2b5e\" data-element_type=\"container\">\n\t\t\t\t\t<div class=\"e-con-inner\">\n\t\t<div class=\"elementor-element elementor-element-9d3f716 e-con-full e-flex e-con e-child\" data-id=\"9d3f716\" data-element_type=\"container\">\n\t\t\t\t<div class=\"elementor-element elementor-element-613f8cea elementor-widget elementor-widget-ehp-form\" data-id=\"613f8cea\" data-element_type=\"widget\" data-settings=\"{&quot;button_width&quot;:&quot;33&quot;,&quot;button_width_mobile&quot;:&quot;100&quot;,&quot;button_shape&quot;:&quot;round&quot;,&quot;layout_preset&quot;:&quot;quick-connect&quot;,&quot;box_shape&quot;:&quot;sharp&quot;}\" data-widget_type=\"ehp-form.default\">\n\t\t\t\t<div class=\"elementor-widget-container\">\n\t\t\t\t\t\t\t<form class=\"has-shape-sharp shape-type-box ehp-form has-layout-preset-quick-connect\" name=\"1\" method=\"post\" action=\"\">\n\t\t\t\t\t<div class=\"ehp-form__text-container\">\n\t\t\t<h2 class=\"ehp-form__heading\">\u00bfListo para desarrollar su propia l\u00ednea de esponjas de belleza?<\/h2><p class=\"ehp-form__description\">Concierte una cita gratuita con nuestro equipo y pongamos manos a la obra.<\/p>\t\t<\/div>\n\t\t\t\t\t<input type=\"hidden\" name=\"post_id\" value=\"581\"\/>\n\t\t\t<input type=\"hidden\" name=\"form_id\" value=\"613f8cea\"\/>\n\t\t\t<input type=\"hidden\" name=\"referer_title\" value=\"Contact Us - Effier Blenders\"\/>\n\n\t\t\t\t\t\t\t<input type=\"hidden\" name=\"queried_id\" value=\"581\"\/>\n\t\t\t\n\t\t\t<div class=\"ehp-form__content\">\n\t\t\t\t\t\t\t\t<div class=\"ehp-form__wrapper\">\n\t\t\t\t\t\t\t\t\t\t\t<div class=\"ehp-form__field-group is-field-type-text is-field-group-name has-width-50 has-width-md-100 has-width-sm-100 is-field-required has-border has-shape-default\">\n\t\t\t\t\t\t\t\t\t\t\t\t\t\t\t<label for=\"form-field-name\" class=\"ehp-form__field-label elementor-screen-only\">\n\t\t\t\t\t\t\t\t\tNombre y apellidos\t\t\t\t\t\t\t\t<\/label>\n\t\t\t\t\t\t\t\t\t\t\t\t\t\t\t\t\t<input size=\"1\" type=\"text\" name=\"form_fields[name]\" id=\"form-field-name\" class=\"ehp-form__field elementor-size-sm  elementor-field-textual\" placeholder=\"Nombre y apellidos\" required=\"required\" aria-required=\"true\">\n\t\t\t\t\t\t\t\t\t\t\t\t\t\t\t<\/div>\n\t\t\t\t\t\t\t\t\t\t\t<div class=\"ehp-form__field-group is-field-type-ehp-tel is-field-group-message has-width-50 has-width-md-100 has-width-sm-100 is-field-required has-border has-shape-default\">\n\t\t\t\t\t\t\t\t\t\t\t\t\t\t\t<label for=\"form-field-message\" class=\"ehp-form__field-label elementor-screen-only\">\n\t\t\t\t\t\t\t\t\tTel\u00e9fono\t\t\t\t\t\t\t\t<\/label>\n\t\t\t\t\t\t\t\t\t\t<input size=\"1\" type=\"ehp-tel\" name=\"form_fields[message]\" id=\"form-field-message\" class=\"ehp-form__field elementor-size-sm  elementor-field-textual\" placeholder=\"Tel\u00e9fono\" required=\"required\" aria-required=\"true\" pattern=\"[0-9()#&amp;+*\\-=.]+\" title=\"S\u00f3lo se aceptan n\u00fameros y caracteres telef\u00f3nicos (#, -, *, etc).\">\n\n\t\t\t\t\t\t\t\t<\/div>\n\t\t\t\t\t\t\t\t\t\t\t<div class=\"ehp-form__field-group is-field-type-email is-field-group-field_59364fb has-width-100 has-width-md-100 has-width-sm-100 is-field-required has-border has-shape-default\">\n\t\t\t\t\t\t\t\t\t\t\t\t\t\t\t<label for=\"form-field-field_59364fb\" class=\"ehp-form__field-label elementor-screen-only\">\n\t\t\t\t\t\t\t\t\tCorreo electr\u00f3nico\t\t\t\t\t\t\t\t<\/label>\n\t\t\t\t\t\t\t\t\t\t\t\t\t\t\t\t\t<input size=\"1\" type=\"email\" name=\"form_fields[field_59364fb]\" id=\"form-field-field_59364fb\" class=\"ehp-form__field elementor-size-sm  elementor-field-textual\" placeholder=\"Correo electr\u00f3nico\" required=\"required\" aria-required=\"true\">\n\t\t\t\t\t\t\t\t\t\t\t\t\t\t\t<\/div>\n\t\t\t\t\t\t\t\t\t\t\t<div class=\"ehp-form__field-group is-field-type-text is-field-group-field_e546e2b has-width-100 has-width-md-100 has-width-sm-100 has-border has-shape-default\">\n\t\t\t\t\t\t\t\t\t\t\t\t\t\t\t<label for=\"form-field-field_e546e2b\" class=\"ehp-form__field-label elementor-screen-only\">\n\t\t\t\t\t\t\t\t\tMensaje\t\t\t\t\t\t\t\t<\/label>\n\t\t\t\t\t\t\t\t\t\t\t\t\t\t\t\t\t<input size=\"1\" type=\"text\" name=\"form_fields[field_e546e2b]\" id=\"form-field-field_e546e2b\" class=\"ehp-form__field elementor-size-sm  elementor-field-textual\" placeholder=\"Mensaje\">\n\t\t\t\t\t\t\t\t\t\t\t\t\t\t\t<\/div>\n\t\t\t\t\t\t\t\t\t\t\t\t<div class=\"ehp-form__submit-group has-width-33 has-width-sm-100 has-button-align-center\">\n\t\t\t<button class=\"has-shape-round shape-type-button ehp-form__button has-border is-type-button\" type=\"submit\">\n\t\t\t\t\t\t\t\t\t\t\t\t\t\n\t\t\t\t\t\t\t\t\t<span class=\"ehp-form__button-text\">Enviar<\/span>\n\t\t\t\t\t\t\t<\/button>\n\t\t<\/div>\n\t\t\t\t\t\t<\/div>\n\t\t\t<\/div>\n\t\t\t<div class=\"ehp-form__overlay\"><\/div>\n\t\t<input type=\"hidden\" name=\"trp-form-language\" value=\"es\"\/><\/form>\n\t\t\t\t\t\t<\/div>\n\t\t\t\t<\/div>\n\t\t\t\t<\/div>\n\t\t\t\t\t<\/div>\n\t\t\t\t<\/div>\n\t\t\t\t<\/div>","protected":false},"excerpt":{"rendered":"<p>Creemos juntos algo extraordinario Vis\u00edtenos Contacto Vis\u00edtenos 449 Tagore Industrial Ave, #04-04, Singapur 787820 Contacto hello@effier.sg<\/p>","protected":false},"author":3,"featured_media":0,"parent":0,"menu_order":0,"comment_status":"closed","ping_status":"closed","template":"elementor_header_footer","meta":{"footnotes":""},"class_list":["post-581","page","type-page","status-publish","hentry"],"yoast_head":"<!-- This site is optimized with the Yoast SEO plugin v27.3 - https:\/\/yoast.com\/product\/yoast-seo-wordpress\/ -->\n<title>Contact Us - Effier Blenders<\/title>\n<meta name=\"robots\" content=\"index, follow, max-snippet:-1, max-image-preview:large, max-video-preview:-1\" \/>\n<link rel=\"canonical\" href=\"https:\/\/www.effier.sg\/es\/contacto\/\" \/>\n<meta property=\"og:locale\" content=\"es_ES\" \/>\n<meta property=\"og:type\" content=\"article\" \/>\n<meta property=\"og:title\" content=\"Contact Us - Effier Blenders\" \/>\n<meta property=\"og:description\" content=\"Let\u2019s create something extraordinary together Visit us Contact Us Visit us 449 Tagore Industrial Ave, #04-04, Singapore 787820 Contact us hello@effier.sg\" \/>\n<meta property=\"og:url\" content=\"https:\/\/www.effier.sg\/es\/contacto\/\" \/>\n<meta property=\"og:site_name\" content=\"Effier Blenders\" \/>\n<meta property=\"article:modified_time\" content=\"2025-07-03T01:55:11+00:00\" \/>\n<meta property=\"og:image\" content=\"https:\/\/www.effier.sg\/wp-content\/uploads\/2025\/07\/hand-holding-pink-beauty-blender-with-foundation-scaled.jpg\" \/>\n<meta name=\"twitter:card\" content=\"summary_large_image\" \/>\n<script type=\"application\/ld+json\" class=\"yoast-schema-graph\">{\"@context\":\"https:\\\/\\\/schema.org\",\"@graph\":[{\"@type\":\"WebPage\",\"@id\":\"https:\\\/\\\/www.effier.sg\\\/contact-us\\\/\",\"url\":\"https:\\\/\\\/www.effier.sg\\\/contact-us\\\/\",\"name\":\"Contact Us - Effier Blenders\",\"isPartOf\":{\"@id\":\"https:\\\/\\\/www.effier.sg\\\/#website\"},\"primaryImageOfPage\":{\"@id\":\"https:\\\/\\\/www.effier.sg\\\/contact-us\\\/#primaryimage\"},\"image\":{\"@id\":\"https:\\\/\\\/www.effier.sg\\\/contact-us\\\/#primaryimage\"},\"thumbnailUrl\":\"https:\\\/\\\/www.effier.sg\\\/wp-content\\\/uploads\\\/2025\\\/07\\\/hand-holding-pink-beauty-blender-with-foundation-scaled.jpg\",\"datePublished\":\"2025-07-02T08:58:56+00:00\",\"dateModified\":\"2025-07-03T01:55:11+00:00\",\"breadcrumb\":{\"@id\":\"https:\\\/\\\/www.effier.sg\\\/contact-us\\\/#breadcrumb\"},\"inLanguage\":\"es\",\"potentialAction\":[{\"@type\":\"ReadAction\",\"target\":[\"https:\\\/\\\/www.effier.sg\\\/contact-us\\\/\"]}]},{\"@type\":\"ImageObject\",\"inLanguage\":\"es\",\"@id\":\"https:\\\/\\\/www.effier.sg\\\/contact-us\\\/#primaryimage\",\"url\":\"https:\\\/\\\/www.effier.sg\\\/wp-content\\\/uploads\\\/2025\\\/07\\\/hand-holding-pink-beauty-blender-with-foundation-scaled.jpg\",\"contentUrl\":\"https:\\\/\\\/www.effier.sg\\\/wp-content\\\/uploads\\\/2025\\\/07\\\/hand-holding-pink-beauty-blender-with-foundation-scaled.jpg\"},{\"@type\":\"BreadcrumbList\",\"@id\":\"https:\\\/\\\/www.effier.sg\\\/contact-us\\\/#breadcrumb\",\"itemListElement\":[{\"@type\":\"ListItem\",\"position\":1,\"name\":\"Home\",\"item\":\"https:\\\/\\\/www.effier.sg\\\/\"},{\"@type\":\"ListItem\",\"position\":2,\"name\":\"Contact Us\"}]},{\"@type\":\"WebSite\",\"@id\":\"https:\\\/\\\/www.effier.sg\\\/#website\",\"url\":\"https:\\\/\\\/www.effier.sg\\\/\",\"name\":\"Effier Blenders\",\"description\":\"Flawless Blend. Effortless Beauty.\",\"publisher\":{\"@id\":\"https:\\\/\\\/www.effier.sg\\\/#organization\"},\"potentialAction\":[{\"@type\":\"SearchAction\",\"target\":{\"@type\":\"EntryPoint\",\"urlTemplate\":\"https:\\\/\\\/www.effier.sg\\\/?s={search_term_string}\"},\"query-input\":{\"@type\":\"PropertyValueSpecification\",\"valueRequired\":true,\"valueName\":\"search_term_string\"}}],\"inLanguage\":\"es\"},{\"@type\":\"Organization\",\"@id\":\"https:\\\/\\\/www.effier.sg\\\/#organization\",\"name\":\"Effier Blenders\",\"url\":\"https:\\\/\\\/www.effier.sg\\\/\",\"logo\":{\"@type\":\"ImageObject\",\"inLanguage\":\"es\",\"@id\":\"https:\\\/\\\/www.effier.sg\\\/#\\\/schema\\\/logo\\\/image\\\/\",\"url\":\"https:\\\/\\\/www.effier.sg\\\/wp-content\\\/uploads\\\/2025\\\/07\\\/EffierWeb-02.png\",\"contentUrl\":\"https:\\\/\\\/www.effier.sg\\\/wp-content\\\/uploads\\\/2025\\\/07\\\/EffierWeb-02.png\",\"width\":1459,\"height\":417,\"caption\":\"Effier Blenders\"},\"image\":{\"@id\":\"https:\\\/\\\/www.effier.sg\\\/#\\\/schema\\\/logo\\\/image\\\/\"}}]}<\/script>\n<!-- \/ Yoast SEO plugin. -->","yoast_head_json":{"title":"Contact Us - Effier Blenders","robots":{"index":"index","follow":"follow","max-snippet":"max-snippet:-1","max-image-preview":"max-image-preview:large","max-video-preview":"max-video-preview:-1"},"canonical":"https:\/\/www.effier.sg\/es\/contacto\/","og_locale":"es_ES","og_type":"article","og_title":"Contact Us - Effier Blenders","og_description":"Let\u2019s create something extraordinary together Visit us Contact Us Visit us 449 Tagore Industrial Ave, #04-04, Singapore 787820 Contact us hello@effier.sg","og_url":"https:\/\/www.effier.sg\/es\/contacto\/","og_site_name":"Effier Blenders","article_modified_time":"2025-07-03T01:55:11+00:00","og_image":[{"url":"https:\/\/www.effier.sg\/wp-content\/uploads\/2025\/07\/hand-holding-pink-beauty-blender-with-foundation-scaled.jpg","type":"","width":"","height":""}],"twitter_card":"summary_large_image","schema":{"@context":"https:\/\/schema.org","@graph":[{"@type":"WebPage","@id":"https:\/\/www.effier.sg\/contact-us\/","url":"https:\/\/www.effier.sg\/contact-us\/","name":"Contact Us - Effier Blenders","isPartOf":{"@id":"https:\/\/www.effier.sg\/#website"},"primaryImageOfPage":{"@id":"https:\/\/www.effier.sg\/contact-us\/#primaryimage"},"image":{"@id":"https:\/\/www.effier.sg\/contact-us\/#primaryimage"},"thumbnailUrl":"https:\/\/www.effier.sg\/wp-content\/uploads\/2025\/07\/hand-holding-pink-beauty-blender-with-foundation-scaled.jpg","datePublished":"2025-07-02T08:58:56+00:00","dateModified":"2025-07-03T01:55:11+00:00","breadcrumb":{"@id":"https:\/\/www.effier.sg\/contact-us\/#breadcrumb"},"inLanguage":"es","potentialAction":[{"@type":"ReadAction","target":["https:\/\/www.effier.sg\/contact-us\/"]}]},{"@type":"ImageObject","inLanguage":"es","@id":"https:\/\/www.effier.sg\/contact-us\/#primaryimage","url":"https:\/\/www.effier.sg\/wp-content\/uploads\/2025\/07\/hand-holding-pink-beauty-blender-with-foundation-scaled.jpg","contentUrl":"https:\/\/www.effier.sg\/wp-content\/uploads\/2025\/07\/hand-holding-pink-beauty-blender-with-foundation-scaled.jpg"},{"@type":"BreadcrumbList","@id":"https:\/\/www.effier.sg\/contact-us\/#breadcrumb","itemListElement":[{"@type":"ListItem","position":1,"name":"Home","item":"https:\/\/www.effier.sg\/"},{"@type":"ListItem","position":2,"name":"Contact Us"}]},{"@type":"WebSite","@id":"https:\/\/www.effier.sg\/#website","url":"https:\/\/www.effier.sg\/","name":"Effier Blenders","description":"Flawless Blend. Effortless Beauty.","publisher":{"@id":"https:\/\/www.effier.sg\/#organization"},"potentialAction":[{"@type":"SearchAction","target":{"@type":"EntryPoint","urlTemplate":"https:\/\/www.effier.sg\/?s={search_term_string}"},"query-input":{"@type":"PropertyValueSpecification","valueRequired":true,"valueName":"search_term_string"}}],"inLanguage":"es"},{"@type":"Organization","@id":"https:\/\/www.effier.sg\/#organization","name":"Effier Blenders","url":"https:\/\/www.effier.sg\/","logo":{"@type":"ImageObject","inLanguage":"es","@id":"https:\/\/www.effier.sg\/#\/schema\/logo\/image\/","url":"https:\/\/www.effier.sg\/wp-content\/uploads\/2025\/07\/EffierWeb-02.png","contentUrl":"https:\/\/www.effier.sg\/wp-content\/uploads\/2025\/07\/EffierWeb-02.png","width":1459,"height":417,"caption":"Effier Blenders"},"image":{"@id":"https:\/\/www.effier.sg\/#\/schema\/logo\/image\/"}}]}},"_links":{"self":[{"href":"https:\/\/www.effier.sg\/es\/wp-json\/wp\/v2\/pages\/581","targetHints":{"allow":["GET"]}}],"collection":[{"href":"https:\/\/www.effier.sg\/es\/wp-json\/wp\/v2\/pages"}],"about":[{"href":"https:\/\/www.effier.sg\/es\/wp-json\/wp\/v2\/types\/page"}],"author":[{"embeddable":true,"href":"https:\/\/www.effier.sg\/es\/wp-json\/wp\/v2\/users\/3"}],"replies":[{"embeddable":true,"href":"https:\/\/www.effier.sg\/es\/wp-json\/wp\/v2\/comments?post=581"}],"version-history":[{"count":13,"href":"https:\/\/www.effier.sg\/es\/wp-json\/wp\/v2\/pages\/581\/revisions"}],"predecessor-version":[{"id":761,"href":"https:\/\/www.effier.sg\/es\/wp-json\/wp\/v2\/pages\/581\/revisions\/761"}],"wp:attachment":[{"href":"https:\/\/www.effier.sg\/es\/wp-json\/wp\/v2\/media?parent=581"}],"curies":[{"name":"wp","href":"https:\/\/api.w.org\/{rel}","templated":true}]}}